{"id":22,"date":"2023-11-22T19:47:40","date_gmt":"2023-11-22T18:47:40","guid":{"rendered":"https:\/\/die2raeder.de\/wpn\/?page_id=22"},"modified":"2026-01-28T10:31:55","modified_gmt":"2026-01-28T09:31:55","slug":"startseite","status":"publish","type":"page","link":"https:\/\/die2raeder.de\/wpn\/","title":{"rendered":"Startseite"},"content":{"rendered":"\n<h1 class=\"wp-block-heading\">Willkommen<\/h1>\n\n\n\n\n\n\n\n<div class=\"wp-block-columns is-layout-flex wp-container-core-columns-is-layout-9d6595d7 wp-block-columns-is-layout-flex\">\n<div class=\"wp-block-column is-layout-flow wp-block-column-is-layout-flow\">\n<figure class=\"wp-block-image size-full is-style-rounded\"><img loading=\"lazy\" decoding=\"async\" width=\"2048\" height=\"1536\" src=\"https:\/\/die2raeder.de\/wpn\/wp-content\/uploads\/2025\/09\/d2r_neu_1.jpeg\" alt=\"\" class=\"wp-image-1119\" srcset=\"https:\/\/die2raeder.de\/wpn\/wp-content\/uploads\/2025\/09\/d2r_neu_1.jpeg 2048w, https:\/\/die2raeder.de\/wpn\/wp-content\/uploads\/2025\/09\/d2r_neu_1-300x225.jpeg 300w, https:\/\/die2raeder.de\/wpn\/wp-content\/uploads\/2025\/09\/d2r_neu_1-1024x768.jpeg 1024w, https:\/\/die2raeder.de\/wpn\/wp-content\/uploads\/2025\/09\/d2r_neu_1-768x576.jpeg 768w, https:\/\/die2raeder.de\/wpn\/wp-content\/uploads\/2025\/09\/d2r_neu_1-1536x1152.jpeg 1536w\" sizes=\"auto, (max-width: 2048px) 100vw, 2048px\" \/><\/figure>\n<\/div>\n\n\n\n<div class=\"wp-block-column is-layout-flow wp-block-column-is-layout-flow\">\n<figure class=\"wp-block-image size-full is-style-rounded\"><img loading=\"lazy\" decoding=\"async\" width=\"2048\" height=\"1536\" src=\"https:\/\/die2raeder.de\/wpn\/wp-content\/uploads\/2025\/09\/d2r_neu_9.jpg\" alt=\"\" class=\"wp-image-1132\" srcset=\"https:\/\/die2raeder.de\/wpn\/wp-content\/uploads\/2025\/09\/d2r_neu_9.jpg 2048w, https:\/\/die2raeder.de\/wpn\/wp-content\/uploads\/2025\/09\/d2r_neu_9-300x225.jpg 300w, https:\/\/die2raeder.de\/wpn\/wp-content\/uploads\/2025\/09\/d2r_neu_9-1024x768.jpg 1024w, https:\/\/die2raeder.de\/wpn\/wp-content\/uploads\/2025\/09\/d2r_neu_9-768x576.jpg 768w, https:\/\/die2raeder.de\/wpn\/wp-content\/uploads\/2025\/09\/d2r_neu_9-1536x1152.jpg 1536w\" sizes=\"auto, (max-width: 2048px) 100vw, 2048px\" \/><\/figure>\n<\/div>\n<\/div>\n\n\n\n<p><strong>Das Einzige was im Leben konstant ist, ist der Wandel!<\/strong><br><\/p>\n\n\n\n<p>Wir f\u00fchren seit nun \u00fcber 30 Jahren unsere 2-Radwerkstatt Die 2 R\u00e4der!<\/p>\n\n\n\n<p>Nun werden wir seit geraumer Zeit dem Ansturm leider nicht mehr Herr.<\/p>\n\n\n\n<p>Wir k\u00e4mpfen seit Jahren mit Personalmangel und k\u00f6nnen unserem hohen Selbstanspruch und Qualit\u00e4tsstandard so nicht mehr weiter gerecht werden. Um die Gesundheit unserer Mitarbeiter und des Chefs nicht weiter aufs Spiel zu setzen haben wir den Entschluss gefasst, unsere immer gut besuchte, und seit l\u00e4ngerem auch meist \u00fcber Wochen ausgebuchte 2-Rad Werkstatt in K\u00fcrze zu schlie\u00dfen.<\/p>\n\n\n\n<p>Der Entschluss ist uns nicht leicht gefallen und es tut uns f\u00fcr unsere teilweise \u00fcber Jahrzehnte treuen Kunden sehr Leid.<\/p>\n\n\n\n<p>Wir haben den Job immer sehr gerne und mit Leidenschaft ausge\u00fcbt und uns seit fast 30 Jahren um die Instandsetzung Eurer motorisierten 2-R\u00e4der gek\u00fcmmert.<br><br>Wir bieten weiterhin Motorr\u00e4der\/ Roller und Elektromobile zum Verkauf an, f\u00fchren dort Garantiearbeiten durch und haben bis auf weiteres weiterhin den Ersatzteilverkauf in unserem Verkaufsraum.<\/p>\n\n\n\n<p><strong>Die Werkstatt wird aber dann jetzt ab dem 31.01.2026 geschlossen werden.<\/strong><\/p>\n\n\n\n<p>Euer Team von Die 2 R\u00e4der<\/p>\n\n\n\n<hr class=\"wp-block-separator has-alpha-channel-opacity\"\/>\n\n\n\n<h2 class=\"wp-block-heading\">Aktuelles<\/h2>\n\n\n\n<div class=\"wp-block-query is-layout-flow wp-block-query-is-layout-flow\"><ul class=\"columns-1 wp-block-post-template is-layout-grid wp-container-core-post-template-is-layout-f9ac393c wp-block-post-template-is-layout-grid\"><li class=\"wp-block-post post-1115 post type-post status-publish format-standard hentry category-allgemein\">\n\n<div class=\"wp-block-group is-vertical is-layout-flex wp-container-core-group-is-layout-2eb2ff60 wp-block-group-is-layout-flex\" style=\"padding-top:30px;padding-right:30px;padding-bottom:30px;padding-left:30px\"><h2 class=\"wp-block-post-title\"><a href=\"https:\/\/die2raeder.de\/wpn\/betriebsferien-2025\/\" target=\"_self\" >Betriebsferien 2025<\/a><\/h2>\n\n<div class=\"wp-block-post-excerpt\"><p class=\"wp-block-post-excerpt__excerpt\">Wir haben vom 19.07.25 &#8211; 04.08.25 Betriebsferien. Ab Dienstag, den 05.08.25 sind wieder wieder in alter Frische f\u00fcr euch da. Euer Die 2 R\u00e4der Team <\/p><\/div>\n\n<div class=\"wp-block-post-date\"><time datetime=\"2025-07-22T20:38:11+02:00\">22. Juli 2025<\/time><\/div><\/div>\n\n<\/li><\/ul><\/div>\n","protected":false},"excerpt":{"rendered":"<p>Willkommen Das Einzige was im Leben konstant ist, ist der Wandel! Wir f\u00fchren seit nun \u00fcber 30 Jahren unsere 2-Radwerkstatt Die 2 R\u00e4der! Nun werden&hellip;<\/p>\n","protected":false},"author":1,"featured_media":0,"parent":0,"menu_order":0,"comment_status":"closed","ping_status":"closed","template":"","meta":{"footnotes":""},"class_list":["post-22","page","type-page","status-publish","hentry"],"_links":{"self":[{"href":"https:\/\/die2raeder.de\/wpn\/wp-json\/wp\/v2\/pages\/22","targetHints":{"allow":["GET"]}}],"collection":[{"href":"https:\/\/die2raeder.de\/wpn\/wp-json\/wp\/v2\/pages"}],"about":[{"href":"https:\/\/die2raeder.de\/wpn\/wp-json\/wp\/v2\/types\/page"}],"author":[{"embeddable":true,"href":"https:\/\/die2raeder.de\/wpn\/wp-json\/wp\/v2\/users\/1"}],"replies":[{"embeddable":true,"href":"https:\/\/die2raeder.de\/wpn\/wp-json\/wp\/v2\/comments?post=22"}],"version-history":[{"count":20,"href":"https:\/\/die2raeder.de\/wpn\/wp-json\/wp\/v2\/pages\/22\/revisions"}],"predecessor-version":[{"id":1148,"href":"https:\/\/die2raeder.de\/wpn\/wp-json\/wp\/v2\/pages\/22\/revisions\/1148"}],"wp:attachment":[{"href":"https:\/\/die2raeder.de\/wpn\/wp-json\/wp\/v2\/media?parent=22"}],"curies":[{"name":"wp","href":"https:\/\/api.w.org\/{rel}","templated":true}]}}