{"id":37,"date":"2023-11-22T19:50:54","date_gmt":"2023-11-22T18:50:54","guid":{"rendered":"https:\/\/die2raeder.de\/wpn\/?page_id=37"},"modified":"2023-11-29T19:26:25","modified_gmt":"2023-11-29T18:26:25","slug":"projektbetreuung","status":"publish","type":"page","link":"https:\/\/die2raeder.de\/wpn\/projektbetreuung\/","title":{"rendered":"Projektbetreuung"},"content":{"rendered":"\n<p>Unser t\u00e4gliches Gesch\u00e4ft sind Reparaturen, Inspektionen und der Verkauf von Ersatz- und Tuningteilen.<\/p>\n\n\n\n<p>In der Auftragsannahme sind wir jedoch sehr flexibel und stehen Herausforderungen offen gegen\u00fcber. In der Vergangenheit haben wir schon viele Projekte betreut. Reanimationen alter Schuppenfunde, oder komplizierte Instandsetzungen von besonderen Fahrzeugen sind sicherlich nach vorheriger Absprache auch eine sch\u00f6ne Abwechslung und Herausforderung von uns.<\/p>\n\n\n\n<p>Wir betreuen unsere Kunden gerne bei ihren Projekten und bieten Unterst\u00fctzung in der Ersatzteilbeschaffung, Reparatur und vor allem bei der Improvisation, welche meist Unumg\u00e4nglich ist.<\/p>\n\n\n\n<p>Du stehst vor oder mitten in einem solchen Projekt und ben\u00f6tigst Hilfe? Kontaktier uns einfach, wir erstellen gerne einen individuellen Ablaufplan und informieren dich \u00fcber Kosten und M\u00f6glichkeiten.<\/p>\n","protected":false},"excerpt":{"rendered":"<p>Unser t\u00e4gliches Gesch\u00e4ft sind Reparaturen, Inspektionen und der Verkauf von Ersatz- und Tuningteilen. In der Auftragsannahme sind wir jedoch sehr flexibel und stehen Herausforderungen offen&hellip;<\/p>\n","protected":false},"author":1,"featured_media":0,"parent":0,"menu_order":0,"comment_status":"closed","ping_status":"closed","template":"","meta":{"footnotes":""},"class_list":["post-37","page","type-page","status-publish","hentry"],"_links":{"self":[{"href":"https:\/\/die2raeder.de\/wpn\/wp-json\/wp\/v2\/pages\/37","targetHints":{"allow":["GET"]}}],"collection":[{"href":"https:\/\/die2raeder.de\/wpn\/wp-json\/wp\/v2\/pages"}],"about":[{"href":"https:\/\/die2raeder.de\/wpn\/wp-json\/wp\/v2\/types\/page"}],"author":[{"embeddable":true,"href":"https:\/\/die2raeder.de\/wpn\/wp-json\/wp\/v2\/users\/1"}],"replies":[{"embeddable":true,"href":"https:\/\/die2raeder.de\/wpn\/wp-json\/wp\/v2\/comments?post=37"}],"version-history":[{"count":4,"href":"https:\/\/die2raeder.de\/wpn\/wp-json\/wp\/v2\/pages\/37\/revisions"}],"predecessor-version":[{"id":829,"href":"https:\/\/die2raeder.de\/wpn\/wp-json\/wp\/v2\/pages\/37\/revisions\/829"}],"wp:attachment":[{"href":"https:\/\/die2raeder.de\/wpn\/wp-json\/wp\/v2\/media?parent=37"}],"curies":[{"name":"wp","href":"https:\/\/api.w.org\/{rel}","templated":true}]}}