{"id":51,"date":"2023-11-22T19:53:23","date_gmt":"2023-11-22T18:53:23","guid":{"rendered":"https:\/\/die2raeder.de\/wpn\/?page_id=51"},"modified":"2023-11-30T11:36:22","modified_gmt":"2023-11-30T10:36:22","slug":"tuning","status":"publish","type":"page","link":"https:\/\/die2raeder.de\/wpn\/tuning\/","title":{"rendered":"Tuning"},"content":{"rendered":"<div class=\"wp-block-image\">\n<figure class=\"aligncenter size-full\"><img loading=\"lazy\" decoding=\"async\" width=\"874\" height=\"222\" src=\"https:\/\/die2raeder.de\/wpn\/wp-content\/uploads\/2023\/11\/header_tuning.png\" alt=\"\" class=\"wp-image-720\" srcset=\"https:\/\/die2raeder.de\/wpn\/wp-content\/uploads\/2023\/11\/header_tuning.png 874w, https:\/\/die2raeder.de\/wpn\/wp-content\/uploads\/2023\/11\/header_tuning-300x76.png 300w, https:\/\/die2raeder.de\/wpn\/wp-content\/uploads\/2023\/11\/header_tuning-768x195.png 768w\" sizes=\"auto, (max-width: 874px) 100vw, 874px\" \/><\/figure>\n<\/div>\n\n\n<p>Angelehnt an das Angebot der bekannten Onlinestores f\u00fcr Motorroller-Tuning, bieten wir Euch das komplette Sortiment aller bekannten Hersteller. Eine Auswahl beliebter Technik- sowie Optikteilen sind stets ab Lager verf\u00fcgbar. Ben\u00f6tigst Du etwas was gerade nicht am Lager ist, beschaffen wir das gew\u00fcnschte Teil meist innerhalb von 48 Stunden.<\/p>\n\n\n\n<p>Bei uns fallen keine Versandkosten an. Die Preise sind an die Online Marktpreise angelehnt. Der gro\u00dfe Vorteil ist das vorherige Anschauen und Begutachten der Teile. Zus\u00e4tzlich erh\u00e4ltst Du eine pers\u00f6nliche Beratung und wenn gew\u00fcnscht Empfehlungen und Tipps f\u00fcr dein Projekt. Durch die Erfahrung von \u00fcber 20 Jahren Teileverkauf, der erfolgreichen Teilnahme an diversen Customshows oder direkt von der Rennstrecke. Wir bieten dir das Knowhow, welches dich bei deinem Projekt weiter bringt.<\/p>\n\n\n\n<p>Es lohnt sich immer mal wieder bei uns vorbei zu schauen. Neben den neuen Teilen haben wir auch interessante gebrauchte Tuningteile im Angebot. So kostet der hei\u00df ersehnte Sportauspuff beispielsweise nur noch 70\u20ac statt 150\u20ac. Das lohnt sich!<\/p>\n","protected":false},"excerpt":{"rendered":"<p>Angelehnt an das Angebot der bekannten Onlinestores f\u00fcr Motorroller-Tuning, bieten wir Euch das komplette Sortiment aller bekannten Hersteller. Eine Auswahl beliebter Technik- sowie Optikteilen sind&hellip;<\/p>\n","protected":false},"author":1,"featured_media":0,"parent":0,"menu_order":0,"comment_status":"closed","ping_status":"closed","template":"","meta":{"footnotes":""},"class_list":["post-51","page","type-page","status-publish","hentry"],"_links":{"self":[{"href":"https:\/\/die2raeder.de\/wpn\/wp-json\/wp\/v2\/pages\/51","targetHints":{"allow":["GET"]}}],"collection":[{"href":"https:\/\/die2raeder.de\/wpn\/wp-json\/wp\/v2\/pages"}],"about":[{"href":"https:\/\/die2raeder.de\/wpn\/wp-json\/wp\/v2\/types\/page"}],"author":[{"embeddable":true,"href":"https:\/\/die2raeder.de\/wpn\/wp-json\/wp\/v2\/users\/1"}],"replies":[{"embeddable":true,"href":"https:\/\/die2raeder.de\/wpn\/wp-json\/wp\/v2\/comments?post=51"}],"version-history":[{"count":6,"href":"https:\/\/die2raeder.de\/wpn\/wp-json\/wp\/v2\/pages\/51\/revisions"}],"predecessor-version":[{"id":926,"href":"https:\/\/die2raeder.de\/wpn\/wp-json\/wp\/v2\/pages\/51\/revisions\/926"}],"wp:attachment":[{"href":"https:\/\/die2raeder.de\/wpn\/wp-json\/wp\/v2\/media?parent=51"}],"curies":[{"name":"wp","href":"https:\/\/api.w.org\/{rel}","templated":true}]}}