{"id":53,"date":"2023-11-22T19:53:43","date_gmt":"2023-11-22T18:53:43","guid":{"rendered":"https:\/\/die2raeder.de\/wpn\/?page_id=53"},"modified":"2023-11-30T11:41:50","modified_gmt":"2023-11-30T10:41:50","slug":"helme-und-zubehoer","status":"publish","type":"page","link":"https:\/\/die2raeder.de\/wpn\/helme-und-zubehoer\/","title":{"rendered":"Helme und Zubeh\u00f6r"},"content":{"rendered":"\n<div class=\"wp-block-columns is-layout-flex wp-container-core-columns-is-layout-9d6595d7 wp-block-columns-is-layout-flex\">\n<div class=\"wp-block-column is-layout-flow wp-block-column-is-layout-flow\" style=\"flex-basis:66.66%\">\n<p>Neben gebrauchten und neuen Tuning- sowie Ersatzteilen bieten wir auch ein ausgew\u00e4hltes Sortiment an Zubeh\u00f6r an.<\/p>\n\n\n\n<p><strong>Helme, Nierengurte, Handschuhe, Abdeckplanen, Jacken, Regenschutz<\/strong>&nbsp;und alles was das Zweiradleben ben\u00f6tigt und angenehmer macht.<\/p>\n\n\n\n<p>Bei dem Angebot achten wir stets auf Verh\u00e4ltnism\u00e4\u00dfigkeit und die Bed\u00fcrfnisse unserer Kunden. Da der Gro\u00dfteil unserer Kunden Motorroller f\u00e4hrt, ist unser Zubeh\u00f6r-Sortiment auch haupts\u00e4chlich auf diese abgestimmt.<\/p>\n\n\n\n<p>Kein Rollerfahrer braucht einen Helm mit perfekten Eigenschaften jenseits der 200km\/h. Allerdings soll es auch kein Billigkram vom Discounter sein.<\/p>\n\n\n\n<p>Auf der Suche nach einem passenden Helm Hersteller der unsere Kriterien erf\u00fcllt sind wir auf &#8222;MT&#8220; gesto\u00dfen. Wir importieren MT Helme nun schon seit mehreren Jahren direkt aus den Niederlanden und sind sehr zufrieden damit. So zufrieden, dass wir auch privat MT Helme fahren &#8211; und das nicht nur auf Motorrollern&nbsp;<\/p>\n\n\n\n<p>Das tiefe sowie sehr breit aufgestellte Sortiment bietet f\u00fcr jeden Geschmack und jedes Einsatzgebiet etwas. Ob Jet, Fullface oder Offroad. In Design und Ausstattung hat man die freie Wahl. Wer es lieber schlicht mag, greift zum einfarbigen&nbsp;<strong>Integralhelm &nbsp;f\u00fcr 79,90\u20ac<\/strong>. Das Modell &#8222;Blade&#8220; kostet zwar 20\u20ac mehr, \u00fcberzeugt jedoch gerade die j\u00fcngeren Fahrer mit&nbsp;aufwendigem&nbsp;Dekor, aerodynamischem Design und Extras wie einklappbare Sonnenblende oder NFC Technologie. F\u00fcr alle Modelle bieten wir zus\u00e4tzlich schwarze, verspiegelte, get\u00f6nte und weitere Visiere an.<\/p>\n\n\n\n<p>Einfach vorbei schauen und und anprobieren. Auf Wunsch besorgen wir auch schnell und g\u00fcnstig Helme von AGV, Shoei, Nolan und Co, bitte einfach anfragen.<\/p>\n<\/div>\n\n\n\n<div class=\"wp-block-column is-layout-flow wp-block-column-is-layout-flow\" style=\"flex-basis:33.33%\"><div class=\"wp-block-image\">\n<figure class=\"aligncenter size-full is-resized\"><img loading=\"lazy\" decoding=\"async\" width=\"340\" height=\"816\" src=\"https:\/\/die2raeder.de\/wpn\/wp-content\/uploads\/2023\/11\/mitdisplay.jpg\" alt=\"\" class=\"wp-image-699\" style=\"width:283px;height:auto\" srcset=\"https:\/\/die2raeder.de\/wpn\/wp-content\/uploads\/2023\/11\/mitdisplay.jpg 340w, https:\/\/die2raeder.de\/wpn\/wp-content\/uploads\/2023\/11\/mitdisplay-125x300.jpg 125w\" sizes=\"auto, (max-width: 340px) 100vw, 340px\" \/><\/figure>\n<\/div><\/div>\n<\/div>\n\n\n\n<p>Vern\u00fcnftige Handschuhe, ein guter Nierenschutz sowie die passende Jacke d\u00fcrfen bei keinem gut ausgestattetem Zweiradfahrer fehlen.<\/p>\n\n\n\n<p>Auch hier haben wir ausgew\u00e4hlte Marken und Modelle f\u00fcr euch im Angebot. Saisonabh\u00e4ngig bieten wir Bekleidung f\u00fcr optimalen Schutz und angenehmes Wohlbefinden. F\u00fcr den kalten Winter f\u00fchren wir beispielsweise Handschuhe mit zus\u00e4tzlichen Heizpads. Im Sommer gibt es Schutz aus leichten, jedoch sinnvollen Materialien f\u00fcr den perfekten Schutz.<\/p>\n\n\n\n<p>Schau doch einfach mal vorbei. Wir beraten Dich gerne.<\/p>\n\n\n<div class=\"wp-block-image\">\n<figure class=\"aligncenter size-full\"><img loading=\"lazy\" decoding=\"async\" width=\"850\" height=\"180\" src=\"https:\/\/die2raeder.de\/wpn\/wp-content\/uploads\/2023\/11\/zub_banner.jpg\" alt=\"\" class=\"wp-image-560\" srcset=\"https:\/\/die2raeder.de\/wpn\/wp-content\/uploads\/2023\/11\/zub_banner.jpg 850w, https:\/\/die2raeder.de\/wpn\/wp-content\/uploads\/2023\/11\/zub_banner-300x64.jpg 300w, https:\/\/die2raeder.de\/wpn\/wp-content\/uploads\/2023\/11\/zub_banner-768x163.jpg 768w\" sizes=\"auto, (max-width: 850px) 100vw, 850px\" \/><\/figure>\n<\/div>","protected":false},"excerpt":{"rendered":"<p>Neben gebrauchten und neuen Tuning- sowie Ersatzteilen bieten wir auch ein ausgew\u00e4hltes Sortiment an Zubeh\u00f6r an. Helme, Nierengurte, Handschuhe, Abdeckplanen, Jacken, Regenschutz&nbsp;und alles was das&hellip;<\/p>\n","protected":false},"author":1,"featured_media":0,"parent":0,"menu_order":0,"comment_status":"closed","ping_status":"closed","template":"","meta":{"footnotes":""},"class_list":["post-53","page","type-page","status-publish","hentry"],"_links":{"self":[{"href":"https:\/\/die2raeder.de\/wpn\/wp-json\/wp\/v2\/pages\/53","targetHints":{"allow":["GET"]}}],"collection":[{"href":"https:\/\/die2raeder.de\/wpn\/wp-json\/wp\/v2\/pages"}],"about":[{"href":"https:\/\/die2raeder.de\/wpn\/wp-json\/wp\/v2\/types\/page"}],"author":[{"embeddable":true,"href":"https:\/\/die2raeder.de\/wpn\/wp-json\/wp\/v2\/users\/1"}],"replies":[{"embeddable":true,"href":"https:\/\/die2raeder.de\/wpn\/wp-json\/wp\/v2\/comments?post=53"}],"version-history":[{"count":9,"href":"https:\/\/die2raeder.de\/wpn\/wp-json\/wp\/v2\/pages\/53\/revisions"}],"predecessor-version":[{"id":935,"href":"https:\/\/die2raeder.de\/wpn\/wp-json\/wp\/v2\/pages\/53\/revisions\/935"}],"wp:attachment":[{"href":"https:\/\/die2raeder.de\/wpn\/wp-json\/wp\/v2\/media?parent=53"}],"curies":[{"name":"wp","href":"https:\/\/api.w.org\/{rel}","templated":true}]}}