{"id":57,"date":"2023-11-22T19:54:35","date_gmt":"2023-11-22T18:54:35","guid":{"rendered":"https:\/\/die2raeder.de\/wpn\/?page_id=57"},"modified":"2023-11-30T10:56:51","modified_gmt":"2023-11-30T09:56:51","slug":"ankauf","status":"publish","type":"page","link":"https:\/\/die2raeder.de\/wpn\/ankauf\/","title":{"rendered":"Ankauf"},"content":{"rendered":"\n<div class=\"wp-block-columns is-layout-flex wp-container-core-columns-is-layout-9d6595d7 wp-block-columns-is-layout-flex\">\n<div class=\"wp-block-column is-layout-flow wp-block-column-is-layout-flow\" style=\"flex-basis:66.66%\">\n<p>Unser Sortiment an gebrauchten Fahrzeugen und Ersatzteilen hat seine Herkunft logischerweise im Ankauf. Neben der gezielten Suche nach interessanten Angeboten in ganz Deutschland kaufen wir auch gerne direkt bei Euch &#8211; unseren Kunden.<\/p>\n\n\n\n<p>Wir kaufen prinzipiell alles was mit unserem Gesch\u00e4ftszweig zu tun hat. Um &#8222;alles&#8220; ein wenig genauer zu definieren, hier eine kleine Liste:<\/p>\n\n\n\n<ul class=\"wp-block-list\">\n<li><strong>Gebrauchtfahrzeuge<\/strong>&nbsp;(Roller, Motorr\u00e4der, Mofas, Mopeds etc.)<\/li>\n\n\n\n<li><strong>Besch\u00e4digte Fahrzeuge<\/strong>&nbsp;(Diebstahlsch\u00e4den, Unfallfahrzeuge, Scheunenfunde, Motorsch\u00e4den etc.)<\/li>\n\n\n\n<li><strong>Gebrauchte Ersatzteile<\/strong>&nbsp;(Zylinder, Vergaser, Scheinwerfer, Federgabeln, Auspuffanlagen etc.)<\/li>\n\n\n\n<li><strong>Gebrauchte Tuningteile<\/strong>&nbsp;(Sportauspuffanlagen, 70ccm Zylinder, Innenrotorz\u00fcndungen, Sportvariatoren etc.)<\/li>\n\n\n\n<li><strong>Hobbyaufl\u00f6sungen<\/strong>&nbsp;(Komplette Kofferraumladungen, Garagenaufl\u00f6sungen etc.)<\/li>\n<\/ul>\n\n\n\n<p>Die wohl interessanteste Frage ist die nach dem Preis. Dieser h\u00e4ngt von vielen Faktoren ab. Neben dem Zustand und Alter der Teile oder Fahrzeuge, spielt auch die Attraktivit\u00e4t eine gro\u00dfe Rolle. Die Nachfrage schafft das Angebot und somit auch den Ein- oder Ankauf. Der Preis f\u00fcr den Rahmen eines Jinan Quinqui Roller ist z.B. weniger interessant als der einer Aprilia SR 50. Obwohl der Neupreis beim Rex Teil ggf. h\u00f6her liegt, l\u00e4sst sich der SR 50 Rahmen aufgrund der gr\u00f6\u00dferen potentiellen K\u00e4uferschaft besser weiter verkaufen. Und genau da liegt f\u00fcr uns nun mal der Sinn &#8211; im Weiterverkaufen!<\/p>\n\n\n\n<p>Bitte bedenkt beim Verkauf Eurer Teile, dass wir diese m\u00f6glichst gewinnbringend weiter verkaufen m\u00f6chten. Daher sind die von uns genannten Preise meist deutlich unter den privaten Marktpreisen.<\/p>\n\n\n\n<p>Wenn wir eine Auspuffanlage f\u00fcr 30\u20ac ankaufen und diese 3 Wochen sp\u00e4ter f\u00fcr 60\u20ac verkaufen, sind das auf den ersten Blick 100% Gewinn bzw. 30\u20ac f\u00fcr die eigene Tasche. Leider sieht die tats\u00e4chliche Rechnung ein wenig anders aus. Neben Steuern, Lagerzinsen und weiterer Umkosten bleiben nicht mehr ganz so viele Euros \u00fcber.<\/p>\n\n\n\n<p>Interesse? Einfach anrufen oder vorbei kommen. Wir erstellen gerne ein individuelles Angebot f\u00fcr Eure Fahrzeuge oder Ersatzteile.<\/p>\n\n\n\n<p>Daf\u00fcr geht der Ankauf bei uns schnell, unkompliziert und ohne nachtr\u00e4gliche Anspr\u00fcche. Ware gegen Bares, ganz altmodisch ohne Fotos f\u00fcr Ebay, Mobile und Co., Rum\u00e4rgern in unangenehmen Emails oder nachtr\u00e4glichen Verhandlungen.<\/p>\n<\/div>\n\n\n\n<div class=\"wp-block-column is-layout-flow wp-block-column-is-layout-flow\" style=\"flex-basis:33.33%\">\n<p><mark style=\"background-color:rgba(0, 0, 0, 0);color:#fc8813\" class=\"has-inline-color\"><i class=\"fas fa-file-lines\"><\/i> <strong>Papiere zur Hand?<\/strong><br>Beim Verkauf von Fahrzeugen bitte beim Telefonat stets die Papiere zur Hand haben. Wichtige Informationen wie Kilometerstand, Zustand und vorhandene Defekte helfen uns beim Erstellen eines Angebots. Verschweigen lohnt nicht, vor Ort sehen wir es dann sowieso\u00a0<i class=\"fas fa-face-smile-wink\"><\/i> <\/mark><\/p>\n\n\n\n<hr class=\"wp-block-separator has-alpha-channel-opacity\"\/>\n\n\n\n<p><mark style=\"background-color:rgba(0, 0, 0, 0);color:#fc8813\" class=\"has-inline-color\"><i class=\"fas fa-address-card\"><\/i> <strong>Ausweis dabei?<\/strong><br>Beim Ankauf gebrauchter Ersatzteile bitte immer den Ausweis mitbringen. Dieser wird zu Eurer Sicherheit kopiert und bei uns hinterlegt. Schlie\u00dflich wollen wir doch alle, dass unser Gesch\u00e4ft nicht eine Verkaufsplattform f\u00fcr\u00a0Zwielichtige\u00a0Gestalten wird\u00a0<i class=\"fas fa-face-smile\"><\/i> <\/mark><\/p>\n\n\n\n<hr class=\"wp-block-separator has-alpha-channel-opacity\"\/>\n\n\n\n<figure class=\"wp-block-image size-full is-resized\"><img loading=\"lazy\" decoding=\"async\" width=\"300\" height=\"273\" src=\"https:\/\/die2raeder.de\/wpn\/wp-content\/uploads\/2023\/11\/ankauf_rechts.jpg\" alt=\"\" class=\"wp-image-808\" style=\"width:359px;height:auto\"\/><\/figure>\n<\/div>\n<\/div>\n","protected":false},"excerpt":{"rendered":"<p>Unser Sortiment an gebrauchten Fahrzeugen und Ersatzteilen hat seine Herkunft logischerweise im Ankauf. Neben der gezielten Suche nach interessanten Angeboten in ganz Deutschland kaufen wir&hellip;<\/p>\n","protected":false},"author":1,"featured_media":0,"parent":0,"menu_order":0,"comment_status":"closed","ping_status":"closed","template":"","meta":{"footnotes":""},"class_list":["post-57","page","type-page","status-publish","hentry"],"_links":{"self":[{"href":"https:\/\/die2raeder.de\/wpn\/wp-json\/wp\/v2\/pages\/57","targetHints":{"allow":["GET"]}}],"collection":[{"href":"https:\/\/die2raeder.de\/wpn\/wp-json\/wp\/v2\/pages"}],"about":[{"href":"https:\/\/die2raeder.de\/wpn\/wp-json\/wp\/v2\/types\/page"}],"author":[{"embeddable":true,"href":"https:\/\/die2raeder.de\/wpn\/wp-json\/wp\/v2\/users\/1"}],"replies":[{"embeddable":true,"href":"https:\/\/die2raeder.de\/wpn\/wp-json\/wp\/v2\/comments?post=57"}],"version-history":[{"count":13,"href":"https:\/\/die2raeder.de\/wpn\/wp-json\/wp\/v2\/pages\/57\/revisions"}],"predecessor-version":[{"id":886,"href":"https:\/\/die2raeder.de\/wpn\/wp-json\/wp\/v2\/pages\/57\/revisions\/886"}],"wp:attachment":[{"href":"https:\/\/die2raeder.de\/wpn\/wp-json\/wp\/v2\/media?parent=57"}],"curies":[{"name":"wp","href":"https:\/\/api.w.org\/{rel}","templated":true}]}}